{"id":105,"date":"2021-02-23T09:32:04","date_gmt":"2021-02-23T08:32:04","guid":{"rendered":"https:\/\/www.notredamedelaconfiance.fr\/?page_id=105"},"modified":"2021-02-23T09:42:09","modified_gmt":"2021-02-23T08:42:09","slug":"mentions-legales","status":"publish","type":"page","link":"https:\/\/www.notredamedelaconfiance.fr\/index.php\/mentions-legales\/","title":{"rendered":"Mentions l\u00e9gales"},"content":{"rendered":"\n<p><strong>\u00c9diteur<\/strong><br>Association Dioc\u00e9saine de Paris \u2013 Chapelle Notre-Dame de la Confiance<br>10 rue du Clo\u00eetre Notre-Dame<br>75 004 Paris<br>T\u00e9l\u00a0: 01 78 91 91 91<\/p>\n\n\n\n<p><strong>Responsable \u00e9ditorial<\/strong><br>P\u00e8re Michel Stoeckel, chapelain.<\/p>\n\n\n\n<p><strong>H\u00e9bergement<\/strong><br><em>OVH<br>SAS au capital de 10 069 020 \u20ac<br>RCS Lille M\u00e9tropole 424 761 419 00045<br>Code APE 2620Z<br>N\u00b0 TVA : FR 22 424 761 419<br>Si\u00e8ge social : 2 rue Kellermann \u2013 59100 Roubaix \u2013 France<br><a href=\"https:\/\/www.ovh.com\/\">https:\/\/www.ovh.com\/<\/a><\/em><\/p>\n\n\n\n<p><strong>Respect de la vie priv\u00e9e<\/strong><\/p>\n\n\n\n<p><\/p>\n\n\nR\u00e9gion EU non activ\u00e9e pour cookie-statement.\n\n\n\n<p>Les emailings effectu\u00e9s peuvent faire l\u2019objet d\u2019un suivi d\u2019ouverture et de clic.<\/p>\n\n\n\n<p>Conform\u00e9ment \u00e0 l\u2019entr\u00e9e en vigueur du RGDP le 28 mai 2018, nous avons mis \u00e0 jour notre politique de confidentialit\u00e9 afin de vous fournir des informations claires sur les donn\u00e9es personnelles que nous recueillons et sur la fa\u00e7on dont nous les prot\u00e9geons. La politique de protection des donn\u00e9es est consultable sur le&nbsp;<a href=\"https:\/\/www.paris.catholique.fr\/-mentions-legales-.html\">site de l\u2019Association dioc\u00e9saine de Paris<\/a>. Vous avez un droit total d\u2019acc\u00e8s, de modification, de rectification et de suppression des informations nominatives vous concernant. Pour l\u2019exercer, adressez-vous par \u00e9crit \u00e0&nbsp;:<\/p>\n\n\n\n<p>Chapelle Notre-Dame de la Confiance<br>\u00c0 l\u2019attention du Secr\u00e9tariat<br>164 rue de Saussure, esc. 9, 75017 Paris<br><a href=\"mailto:ndconfiance@gmail.com\">ndconfiance@gmail.com<\/a><\/p>\n\n\n\n<p>En cas de r\u00e9clamation, il vous suffit d\u2019envoyer un courrier ou un E-mail, avec en PJ copie de votre titre d\u2019identit\u00e9, expliquant en d\u00e9tail votre demande \u00e0&nbsp;:<\/p>\n\n\n\n<p>Association dioc\u00e9saine de Paris<br>D\u00e9l\u00e9gu\u00e9 \u00e0 la Protection des Donn\u00e9es<br>10 rue du Clo\u00eetre Notre-Dame<br>75004 Paris<\/p>\n\n\n\n<p>ou par email \u00e0&nbsp;:<br>dpo@diocese-paris.net<\/p>\n","protected":false},"excerpt":{"rendered":"<p>\u00c9diteurAssociation Dioc\u00e9saine de Paris \u2013 Chapelle Notre-Dame de la Confiance10 rue du Clo\u00eetre Notre-Dame75 004 ParisT\u00e9l\u00a0: 01 78 91 91 91 Responsable \u00e9ditorialP\u00e8re Michel Stoeckel, chapelain. H\u00e9bergementOVHSAS au capital de 10 069 020 \u20acRCS Lille M\u00e9tropole 424 761 419 00045Code APE 2620ZN\u00b0 TVA : FR 22 424 761 419Si\u00e8ge social : 2 rue Kellermann \u2013 [&hellip;]<\/p>\n","protected":false},"author":2,"featured_media":0,"parent":0,"menu_order":0,"comment_status":"closed","ping_status":"closed","template":"","meta":{"footnotes":""},"class_list":["post-105","page","type-page","status-publish","hentry"],"_links":{"self":[{"href":"https:\/\/www.notredamedelaconfiance.fr\/index.php\/wp-json\/wp\/v2\/pages\/105","targetHints":{"allow":["GET"]}}],"collection":[{"href":"https:\/\/www.notredamedelaconfiance.fr\/index.php\/wp-json\/wp\/v2\/pages"}],"about":[{"href":"https:\/\/www.notredamedelaconfiance.fr\/index.php\/wp-json\/wp\/v2\/types\/page"}],"author":[{"embeddable":true,"href":"https:\/\/www.notredamedelaconfiance.fr\/index.php\/wp-json\/wp\/v2\/users\/2"}],"replies":[{"embeddable":true,"href":"https:\/\/www.notredamedelaconfiance.fr\/index.php\/wp-json\/wp\/v2\/comments?post=105"}],"version-history":[{"count":2,"href":"https:\/\/www.notredamedelaconfiance.fr\/index.php\/wp-json\/wp\/v2\/pages\/105\/revisions"}],"predecessor-version":[{"id":914,"href":"https:\/\/www.notredamedelaconfiance.fr\/index.php\/wp-json\/wp\/v2\/pages\/105\/revisions\/914"}],"wp:attachment":[{"href":"https:\/\/www.notredamedelaconfiance.fr\/index.php\/wp-json\/wp\/v2\/media?parent=105"}],"curies":[{"name":"wp","href":"https:\/\/api.w.org\/{rel}","templated":true}]}}