{"id":13,"date":"2018-07-11T15:37:41","date_gmt":"2018-07-11T13:37:41","guid":{"rendered":"http:\/\/ww2.notredamedelaconfiance.fr\/?page_id=13"},"modified":"2021-01-18T12:13:47","modified_gmt":"2021-01-18T11:13:47","slug":"chapelle-en-r-d-c","status":"publish","type":"page","link":"https:\/\/www.notredamedelaconfiance.fr\/index.php\/chapelle-en-r-d-c\/","title":{"rendered":"Chapelle en R-d-C"},"content":{"rendered":"\n<h2 class=\"wp-block-heading\">La chapelle sous toutes les coutures (ou presque)<\/h2>\n\n\n\n<p>Voici quelques photos de notre chapelle, le mieux \u00e9tant de venir nous voir sur place&nbsp;\ud83d\ude42<\/p>\n\n\n\n<figure class=\"wp-block-image size-large\"><img loading=\"lazy\" decoding=\"async\" width=\"800\" height=\"600\" src=\"https:\/\/www.notredamedelaconfiance.fr\/wp-content\/uploads\/2021\/01\/Montage_chapelle.jpg\" alt=\"\" class=\"wp-image-824\" srcset=\"https:\/\/www.notredamedelaconfiance.fr\/wp-content\/uploads\/2021\/01\/Montage_chapelle.jpg 800w, https:\/\/www.notredamedelaconfiance.fr\/wp-content\/uploads\/2021\/01\/Montage_chapelle-300x225.jpg 300w, https:\/\/www.notredamedelaconfiance.fr\/wp-content\/uploads\/2021\/01\/Montage_chapelle-768x576.jpg 768w\" sizes=\"auto, (max-width: 800px) 100vw, 800px\" \/><\/figure>\n\n\n\n<p>une chapelle vivante \u00e0 taille humaine, au pied d\u2019un immeuble dans une r\u00e9sidence de quartier, de beaux vitraux&#8230; sous la protection de Notre-Dame de la Confiance<\/p>\n\n\n\n<figure class=\"wp-block-image size-large\"><img loading=\"lazy\" decoding=\"async\" width=\"800\" height=\"600\" src=\"https:\/\/www.notredamedelaconfiance.fr\/wp-content\/uploads\/2021\/01\/IMG_0592_.jpg\" alt=\"\" class=\"wp-image-825\" srcset=\"https:\/\/www.notredamedelaconfiance.fr\/wp-content\/uploads\/2021\/01\/IMG_0592_.jpg 800w, https:\/\/www.notredamedelaconfiance.fr\/wp-content\/uploads\/2021\/01\/IMG_0592_-300x225.jpg 300w, https:\/\/www.notredamedelaconfiance.fr\/wp-content\/uploads\/2021\/01\/IMG_0592_-768x576.jpg 768w\" sizes=\"auto, (max-width: 800px) 100vw, 800px\" \/><\/figure>\n\n\n\n<h3 class=\"wp-block-heading\">Historique<\/h3>\n\n\n\n<p>La chapelle est situ\u00e9e au rez de chauss\u00e9e d\u2019un immeuble de 10 \u00e9tages dans un ensemble de 5 immeubles de ce type, datant des ann\u00e9es 60 et rassemblant 300 logements.<\/p>\n\n\n\n<p>Auparavant, la chapelle ND Confiance \u00e9tait souterraine dans cet ensemble et a \u00e9t\u00e9 ferm\u00e9e en 1988 en raison de travaux pour le RER C qui devait passer l\u00e0.<\/p>\n\n\n\n<p>C\u2019est alors que la chapelle a pris place l\u00e0 o\u00f9 elle est aujourd\u2019hui, \u00e0 la place d\u2019une ancienne sup\u00e9rette, au rez de chauss\u00e9e d\u2019un des immeubles.<\/p>\n\n\n\n<p>Vue du quartier en 1963&nbsp;:<\/p>\n\n\n\n<figure class=\"wp-block-image size-large\"><img loading=\"lazy\" decoding=\"async\" width=\"972\" height=\"242\" src=\"https:\/\/www.notredamedelaconfiance.fr\/wp-content\/uploads\/2021\/01\/1963.jpg\" alt=\"\" class=\"wp-image-826\" srcset=\"https:\/\/www.notredamedelaconfiance.fr\/wp-content\/uploads\/2021\/01\/1963.jpg 972w, https:\/\/www.notredamedelaconfiance.fr\/wp-content\/uploads\/2021\/01\/1963-300x75.jpg 300w, https:\/\/www.notredamedelaconfiance.fr\/wp-content\/uploads\/2021\/01\/1963-768x191.jpg 768w\" sizes=\"auto, (max-width: 972px) 100vw, 972px\" \/><\/figure>\n\n\n\n<h2 class=\"wp-block-heading\">Histoire de la chapelle racont\u00e9e par le P\u00e8re Ledoux le 28\/11\/2010&nbsp;:<\/h2>\n\n\n\n<p>Il y a cinquante ans, en 1960, c\u2019\u00e9tait ici un terrain vague couvert de voies ferr\u00e9es. La SNCF y construit des immeubles pour les cheminots. La paroisse Ste Marie des Batignolles d\u00e9cide d\u2019assurer une pr\u00e9sence d\u2019Eglise au milieu de ces travailleurs fran\u00e7ais de culture chr\u00e9tienne. Le 4 f\u00e9vrier 1966 le Cardinal Feltin \u00e9rige officiellement la chapelle. Le quartier continue de se construire&nbsp;: rue de Saussure, rue de la cr\u00e8che, rue des Tapisseries, rue Christine de Pisan, avenue de la Porte d\u2019Asni\u00e8res, Hauts de Malesherbes. L\u2019immigration enrichit ce quartier de cultures et de religions diff\u00e9rentes provenant surtout du Magreb et de l\u2019Afrique.<\/p>\n\n\n\n<p>Pendant ce temps, Eucharisties apr\u00e8s eucharisties la convivialit\u00e9 avec le Seigneur s\u2019approfondit dans la communaut\u00e9, et nous allons en partager les fruits avec les habitants du quartier, cherchant \u00e0 mettre de la convivialit\u00e9 l\u00e0 o\u00f9 il y a l\u2019isolement, puis la m\u00e9connaissance qui m\u00e8ne \u00e0 la peur et \u00e0 la violence&nbsp;: organisation de f\u00eates, apr\u00e8s-midi familiales pour personnes isol\u00e9es, manifestations culturelles, concerts. A la fin du Ramadan, des chr\u00e9tiens vont porter des lettres de v\u0153ux \u00e0 une centaine de familles musulmanes. A No\u00ebl, \u00e0 l\u2019offertoire, nous pr\u00e9sentons au Seigneur les dattes que des musulmans nous offrent, nous les partageons et mangeons \u00e0 la fin de la veill\u00e9e pascale. Hier, dans cette chapelle, participant avec les gens du quartier \u00e0 la collecte de la Banque Alimentaire, nous \u00e9tions en train de trier les denr\u00e9es alimentaires que d\u2019autres d\u2019entre nous avaient qu\u00eat\u00e9es \u00e0 la porte des magasins.<\/p>\n\n\n\n<p>Depuis six ans, plus de quatre vingt chefs Scout de France de vingt \u00e0 trente ans, venant des quatre coins de Paris et d\u2019ailleurs, ont anim\u00e9 le groupe scout \u00ab&nbsp;Paris la Confiance&nbsp;\u00bb. Ils prennent contact avec des familles, musulmanes, juives, chr\u00e9tiennes, donnent g\u00e9n\u00e9reusement de leur temps, de leur tendresse, de leur \u00e9nergie, de leur comp\u00e9tence \u00e9ducative aux jeunes du quartier, leur apprenant \u00e0 dominer la violence qui surgit en eux, \u00e0 grandir en libert\u00e9, \u00e0 respecter les autres, \u00e0 vivre ensemble. A travers la progression de ces jeunes, c\u2019est tout le visage du quartier qui change.<\/p>\n\n\n\n<p>P\u00e8re Blanc, il m\u2019arrive de cueillir ici les fruits de la pr\u00e9sence au Magreb&nbsp;de mes confr\u00e8res, des pr\u00eatres, des religieux, des religieuses, des chr\u00e9tiens&nbsp;: des musulmans me disent ce qu\u2019ils ont re\u00e7u au contact de l\u2019Eglise chez eux, particuli\u00e8rement dans les coll\u00e8ges chr\u00e9tiens.<\/p>\n\n\n\n<h2 class=\"wp-block-heading\">D\u2019autres informations sur l\u2019historique de la chapelle<\/h2>\n\n\n\n<p>Le 4 f\u00e9vrier 1966, le Cardinal Maurice Feltin autorisait l\u2019\u00e9tablissement d\u2019une chapelle au centre de Culte Catholique situ\u00e9 dans l\u2019ensemble dit \u00ab&nbsp;La Sabli\u00e8re&nbsp;\u00bb 164 rue de Saussure, \u00ab&nbsp;catacombe&nbsp;\u00bb en 1966.<\/p>\n\n\n\n<p>Dans les ann\u00e9es 1970, Mgr Michel Guyard, \u00e9v\u00eaque \u00e9m\u00e9rite du Havre en 2016, \u00e9tait vicaire \u00e0 Ste Odile. En m\u00eame temps il \u00e9tait aum\u00f4nier du coll\u00e8ge qui, alors, s\u2019appelait coll\u00e8ge Berthier. Il faisait r\u00e9guli\u00e8rement le cat\u00e9chisme dans \u00ab\u00a0les catacombes\u00a0\u00bb de l\u2019escalier 1. Il pr\u00e9sidera notre f\u00eate de Jubil\u00e9 le 26\/02\/2017.<\/p>\n\n\n\n<p>La chapelle sort des catacombes et s\u2019installe \u00e0 son emplacement actuel en 1987.<\/p>\n\n\n\n<p>Un article de 1988 sur le choix du nom de la chapelle&nbsp;:<\/p>\n\n\n\n<figure class=\"wp-block-image size-large\"><img loading=\"lazy\" decoding=\"async\" width=\"523\" height=\"541\" src=\"https:\/\/www.notredamedelaconfiance.fr\/wp-content\/uploads\/2021\/01\/Choix_du_nom_NDC.png\" alt=\"\" class=\"wp-image-827\" srcset=\"https:\/\/www.notredamedelaconfiance.fr\/wp-content\/uploads\/2021\/01\/Choix_du_nom_NDC.png 523w, https:\/\/www.notredamedelaconfiance.fr\/wp-content\/uploads\/2021\/01\/Choix_du_nom_NDC-290x300.png 290w\" sizes=\"auto, (max-width: 523px) 100vw, 523px\" \/><\/figure>\n\n\n\n<p>Les vitraux datent de 1990 et le Christ trouv\u00e9 par le P\u00e8re Waille \u00e0 Ste Marie des Batignolles sont venus embellir notre chapelle et nous aider \u00e0 prier.<\/p>\n\n\n\n<p>A l&rsquo;occasion du jubil\u00e9 des 50 ans de la chapelle, nous avons pu aussi capter la r\u00e9trospective du P\u00e8re Maurice Fourmond. Nous conservons aussi un enregistrement de la pr\u00e9sentation des vitraux par le ma\u00eetre verrier, Michel Guevel, qui les a r\u00e9alis\u00e9s en 1991. Nous contacter pour l&rsquo;obtenir.<\/p>\n\n\n\n<h3 class=\"wp-block-heading\">Le P\u00e8re Waille<\/h3>\n\n\n\n<p>Le P\u00e8re Bernard Waille est d\u00e9c\u00e9d\u00e9 le mercredi matin 29 octobre 2014 \u00e0 l\u2019h\u00f4pital du Val-de-Gr\u00e2ce, \u00e0 l\u2019\u00e2ge de 89 ans, en la 63\u00b0 ann\u00e9e de son sacerdoce.<\/p>\n\n\n\n<figure class=\"wp-block-image size-large\"><img loading=\"lazy\" decoding=\"async\" width=\"317\" height=\"235\" src=\"https:\/\/www.notredamedelaconfiance.fr\/wp-content\/uploads\/2021\/01\/PereWaille.png\" alt=\"\" class=\"wp-image-828\" srcset=\"https:\/\/www.notredamedelaconfiance.fr\/wp-content\/uploads\/2021\/01\/PereWaille.png 317w, https:\/\/www.notredamedelaconfiance.fr\/wp-content\/uploads\/2021\/01\/PereWaille-300x222.png 300w\" sizes=\"auto, (max-width: 317px) 100vw, 317px\" \/><\/figure>\n\n\n\n<p>Il a donn\u00e9 un tiers de sa vie \u00e0 la communaut\u00e9. Pendant 30 ans, de 1972 \u00e0 2002, Chapelain de Notre Dame de la Confiance et Aum\u00f4nier de Boris Vian il \u00e9tait enti\u00e8rement disponible \u00e0 tous dans son accueil sans faille. Il \u00e9tait, comme le dit l\u2019annonce de son d\u00e9c\u00e8s par le dioc\u00e8se&nbsp;: \u201chumble serviteur de l\u2019Evangile, homme des B\u00e9atitudes, il vivait le d\u00e9tachement et la pauvret\u00e9, il portait un regard positif sur les personnes et les \u00e9v\u00e9nements, Tr\u00e8s soucieux des jeunes, en particulier en difficult\u00e9, il les a emmen\u00e9s pendant de longues ann\u00e9es en camp. Les jeunes l\u2019avaient surnomm\u00e9 \u201cle Padre\u201d\u201d.<\/p>\n\n\n\n<p>C\u2019est toute une partie de la vie et de l\u2019histoire de notre communaut\u00e9 qui part avec lui. Il a quitt\u00e9 La Confiance en 2002, pour rester autant qu\u2019il le pourrait dans ses ch\u00e8res montagnes de La Toussuire. Il en revint en d\u00e9cembre 2012 pour aller \u00e0 la Maison Marie-Th\u00e9r\u00e8se. L\u00e0, \u201cdans une joyeuse et paisible s\u00e9r\u00e9nit\u00e9, ne se plaignant jamais, sa vie \u00e9tait un Magnificat.\u201d<\/p>\n\n\n\n<p>Ses obs\u00e8ques ont \u00e9t\u00e9 c\u00e9l\u00e9br\u00e9es dans l\u2019\u00e9glise Saint Dominique, 20, rue de la Tombe-Issoire, 75014, Paris, le mardi 4 novembre 2014 \u00e0 10h30.<\/p>\n\n\n\n<h2 class=\"wp-block-heading\"><strong>Brigitte Cahen<\/strong><\/h2>\n\n\n\n<p>Pilier rayonnant de notre communaut\u00e9, Brigitte nous a quitt\u00e9s le vendredi 2 octobre 2015 et ses obs\u00e8ques ont \u00e9t\u00e9 c\u00e9l\u00e9br\u00e9es \u00e0 la chapelle le 9 octobre 2015.<\/p>\n\n\n\n<h2 class=\"wp-block-heading\"><strong>Robert Bonnes<\/strong><\/h2>\n\n\n\n<p>Figure embl\u00e9matique de notre communaut\u00e9 depuis sa cr\u00e9ation, de l\u2019aum\u00f4nerie, du Godillot Familial, du 164 rue de Saussure et du quartier, Robert est d\u00e9c\u00e9d\u00e9 le dimanche 18 mars 2018. Ses obs\u00e8ques ont eu lieu vendredi 23 mars \u00e0 Saint Cyr sur Morin.<\/p>\n","protected":false},"excerpt":{"rendered":"<p>La chapelle sous toutes les coutures (ou presque) Voici quelques photos de notre chapelle, le mieux \u00e9tant de venir nous voir sur place&nbsp;\ud83d\ude42 une chapelle vivante \u00e0 taille humaine, au pied d\u2019un immeuble dans une r\u00e9sidence de quartier, de beaux vitraux&#8230; sous la protection de Notre-Dame de la Confiance Historique La chapelle est situ\u00e9e au [&hellip;]<\/p>\n","protected":false},"author":2,"featured_media":0,"parent":0,"menu_order":0,"comment_status":"closed","ping_status":"closed","template":"","meta":{"footnotes":""},"class_list":["post-13","page","type-page","status-publish","hentry"],"_links":{"self":[{"href":"https:\/\/www.notredamedelaconfiance.fr\/index.php\/wp-json\/wp\/v2\/pages\/13","targetHints":{"allow":["GET"]}}],"collection":[{"href":"https:\/\/www.notredamedelaconfiance.fr\/index.php\/wp-json\/wp\/v2\/pages"}],"about":[{"href":"https:\/\/www.notredamedelaconfiance.fr\/index.php\/wp-json\/wp\/v2\/types\/page"}],"author":[{"embeddable":true,"href":"https:\/\/www.notredamedelaconfiance.fr\/index.php\/wp-json\/wp\/v2\/users\/2"}],"replies":[{"embeddable":true,"href":"https:\/\/www.notredamedelaconfiance.fr\/index.php\/wp-json\/wp\/v2\/comments?post=13"}],"version-history":[{"count":10,"href":"https:\/\/www.notredamedelaconfiance.fr\/index.php\/wp-json\/wp\/v2\/pages\/13\/revisions"}],"predecessor-version":[{"id":831,"href":"https:\/\/www.notredamedelaconfiance.fr\/index.php\/wp-json\/wp\/v2\/pages\/13\/revisions\/831"}],"wp:attachment":[{"href":"https:\/\/www.notredamedelaconfiance.fr\/index.php\/wp-json\/wp\/v2\/media?parent=13"}],"curies":[{"name":"wp","href":"https:\/\/api.w.org\/{rel}","templated":true}]}}