{"id":35,"date":"2018-07-11T18:10:45","date_gmt":"2018-07-11T16:10:45","guid":{"rendered":"http:\/\/ww2.notredamedelaconfiance.fr\/?page_id=35"},"modified":"2021-01-18T12:18:24","modified_gmt":"2021-01-18T11:18:24","slug":"eveil-a-la-foi-catechisme-aumonerie","status":"publish","type":"page","link":"https:\/\/www.notredamedelaconfiance.fr\/index.php\/eveil-a-la-foi-catechisme-aumonerie\/","title":{"rendered":"Eveil \u00e0 la Foi, Cat\u00e9, Aum\u00f4nerie"},"content":{"rendered":"\n<h2 class=\"wp-block-heading\">1 &#8211; L\u2019\u00e9veil \u00e0 la Foi<\/h2>\n\n\n\n<p>Premier pas dans la vie, Premier pas vers Dieu\u00a0! Dieu vous aime\u00a0! Comment \u00e9veiller votre enfant \u00e0 cette pr\u00e9sence\u00a0? Avec Emilie Van Roosebeke et le P\u00e8re Ledoux, nous vous proposons de vous aider \u00e0 r\u00e9pondre \u00e0 cette question.<\/p>\n\n\n\n<p>L\u2019\u00c9veil \u00e0 la foi a lieu le vendredi soir, un vendredi par mois environ, de 17 heures \u00e0 18 heures, pour les 3-7 ans sp\u00e9cialement mais est ouvert \u00e0 tous. Pas d\u2019inscription, vient qui veut, c\u2019est gratuit\u00a0!<\/p>\n\n\n\n<p><a href=\"https:\/\/www.notredamedelaconfiance.fr\/index.php\/informations-pratiques\/agenda\/\">Dates et cr\u00e9neaux \u00e0 retrouver sur notre agenda.<\/a><\/p>\n\n\n\n<h2 class=\"wp-block-heading\">2 &#8211; Le cat\u00e9chisme<\/h2>\n\n\n\n<p>du CE1 au CM2\u00a0: un rendez-vous r\u00e9gulier chaque semaine hors vacances scolaires, les mardis de 15 h 15 \u00e0 17 h 00 avec S\u0153ur Marie de Bethl\u00e9em Diacre Antoine Zigah Martin Logan.<\/p>\n\n\n\n<p><a href=\"https:\/\/www.notredamedelaconfiance.fr\/index.php\/informations-pratiques\/agenda\/\">Dates et cr\u00e9neaux \u00e0 retrouver sur notre agenda.<\/a><\/p>\n\n\n\n<p>Voir aussi la <a href=\"https:\/\/www.paris.catholique.fr\/-vicariat-enfance-adolescence-.html\">page du cat\u00e9 par le dioc\u00e8se de Paris<\/a>.<\/p>\n\n\n\n<h2 class=\"wp-block-heading\">3 &#8211; Aum\u00f4nerie<\/h2>\n\n\n\n<figure class=\"wp-block-image size-large\"><img loading=\"lazy\" decoding=\"async\" width=\"367\" height=\"322\" src=\"https:\/\/www.notredamedelaconfiance.fr\/wp-content\/uploads\/2021\/01\/Photos_043-2.jpg\" alt=\"\" class=\"wp-image-833\" srcset=\"https:\/\/www.notredamedelaconfiance.fr\/wp-content\/uploads\/2021\/01\/Photos_043-2.jpg 367w, https:\/\/www.notredamedelaconfiance.fr\/wp-content\/uploads\/2021\/01\/Photos_043-2-300x263.jpg 300w\" sizes=\"auto, (max-width: 367px) 100vw, 367px\" \/><\/figure>\n\n\n\n<p><strong>Si tu es en 6\u00b0<\/strong>, tu as suivi le cat\u00e9chisme en paroisse, maintenant, l\u2019aum\u00f4nerie te propose, avec l\u2019accord de tes parents, des rencontres avec d\u2019autres \u00e9l\u00e8ves de Boris Vian, et du quartier <strong>le jeudi \u00e0 17h45<\/strong>.<\/p>\n\n\n\n<p><strong>Si tu es en 5\u00b0<\/strong>&nbsp;et que tu as le d\u00e9sir de faire ta Profession de Foi,<br>viens \u00e0 l\u2019aum\u00f4nerie,&nbsp;<strong>le jeudi \u00e0 17h45<\/strong>&nbsp;pour en parler et t\u2019y pr\u00e9parer.<\/p>\n\n\n\n<p><strong>Si tu es en 4\u00b0 ou en 3\u00b0<\/strong>, si tu d\u00e9sires \u00eatre confirm\u00e9 et recevoir l\u2019Esprit Saint avec d\u2019autres jeunes,<br>tu es le bienvenu \u00e0 l\u2019aum\u00f4nerie,&nbsp;<strong>le vendredi \u00e0 18h30<\/strong>.<\/p>\n\n\n\n<p><strong>Si tu es au lyc\u00e9e ou \u00e9tudiant-e\u00b0<\/strong>, l\u2019aum\u00f4nerie te propose de parler de probl\u00e8mes de vie et d\u2019approfondir ta foi, avec d\u2019autres jeunes autour d\u2019une table de famille. tu es le\/la bienvenu-e \u00e0 l\u2019aum\u00f4nerie,&nbsp;<strong>le vendredi \u00e0 18h30<\/strong><\/p>\n\n\n\n<p>Si tu n\u2019as pas de religion, viens en parler avec d\u2019autres jeunes du Coll\u00e8ge.<\/p>\n\n\n\n<p>Chaque mois, tu serais le bienvenu avec des copains.<\/p>\n\n\n\n<p>O\u00f9 se trouve l\u2019aum\u00f4nerie\u00a0? Dans \u00ab\u00a0l\u2019Espace Confiance\u00a0\u00bb.<\/p>\n\n\n\n<p>A bient\u00f4t, le plaisir de faire connaissance.<\/p>\n\n\n\n<p>S\u0153ur Marie-Laetitia,<br>Michel de la Giraudi\u00e8re,<br>Fr\u00e8re Michel Stoeckel, chapelain<\/p>\n\n\n\n<p><strong>Lieu d\u2019\u00e9coute et d\u2019\u00e9change&nbsp;:<\/strong>&nbsp;les jeunes peuvent parler et se parler. Ils savent qu\u2019ils seront \u00e9cout\u00e9s sans \u00eatre jug\u00e9s.<\/p>\n\n\n\n<p><strong>Lieu o\u00f9 l\u2019on apprend \u00e0 mieux se conna\u00eetre soi-m\u00eame et \u00e0 mieux conna\u00eetre les autres.<\/strong><\/p>\n\n\n\n<h2 class=\"wp-block-heading\">4 &#8211; Cat\u00e9chum\u00e9nat des jeunes et des adultes, pr\u00e9paration au bapt\u00eame ou au mariage<\/h2>\n\n\n\n<p>Prenez contact avec nous&nbsp;!&nbsp;<a href=\"mailto:ndconfiance@gmail.com\">ndconfiance@gmail.com<\/a><\/p>\n","protected":false},"excerpt":{"rendered":"<p>1 &#8211; L\u2019\u00e9veil \u00e0 la Foi Premier pas dans la vie, Premier pas vers Dieu\u00a0! Dieu vous aime\u00a0! Comment \u00e9veiller votre enfant \u00e0 cette pr\u00e9sence\u00a0? Avec Emilie Van Roosebeke et le P\u00e8re Ledoux, nous vous proposons de vous aider \u00e0 r\u00e9pondre \u00e0 cette question. L\u2019\u00c9veil \u00e0 la foi a lieu le vendredi soir, un vendredi [&hellip;]<\/p>\n","protected":false},"author":2,"featured_media":0,"parent":0,"menu_order":0,"comment_status":"closed","ping_status":"closed","template":"","meta":{"footnotes":""},"class_list":["post-35","page","type-page","status-publish","hentry"],"_links":{"self":[{"href":"https:\/\/www.notredamedelaconfiance.fr\/index.php\/wp-json\/wp\/v2\/pages\/35","targetHints":{"allow":["GET"]}}],"collection":[{"href":"https:\/\/www.notredamedelaconfiance.fr\/index.php\/wp-json\/wp\/v2\/pages"}],"about":[{"href":"https:\/\/www.notredamedelaconfiance.fr\/index.php\/wp-json\/wp\/v2\/types\/page"}],"author":[{"embeddable":true,"href":"https:\/\/www.notredamedelaconfiance.fr\/index.php\/wp-json\/wp\/v2\/users\/2"}],"replies":[{"embeddable":true,"href":"https:\/\/www.notredamedelaconfiance.fr\/index.php\/wp-json\/wp\/v2\/comments?post=35"}],"version-history":[{"count":8,"href":"https:\/\/www.notredamedelaconfiance.fr\/index.php\/wp-json\/wp\/v2\/pages\/35\/revisions"}],"predecessor-version":[{"id":834,"href":"https:\/\/www.notredamedelaconfiance.fr\/index.php\/wp-json\/wp\/v2\/pages\/35\/revisions\/834"}],"wp:attachment":[{"href":"https:\/\/www.notredamedelaconfiance.fr\/index.php\/wp-json\/wp\/v2\/media?parent=35"}],"curies":[{"name":"wp","href":"https:\/\/api.w.org\/{rel}","templated":true}]}}