{"id":46,"date":"2018-07-11T21:04:20","date_gmt":"2018-07-11T19:04:20","guid":{"rendered":"http:\/\/ww2.notredamedelaconfiance.fr\/?page_id=46"},"modified":"2018-09-22T12:52:05","modified_gmt":"2018-09-22T10:52:05","slug":"scoutisme","status":"publish","type":"page","link":"https:\/\/www.notredamedelaconfiance.fr\/index.php\/rencontres-et-activites\/scoutisme\/","title":{"rendered":"Scoutisme"},"content":{"rendered":"<div class=\"blocarrondi\">\n<div class=\"bacontentwrap\">\n<div class=\"bacontent\">\n<div class=\"cleaner\">\n<p style=\"font-weight: 400;\">Depuis 2004, les Scouts de France, Groupe \u00ab Paris la Confiance \u00bb propose aux enfants de 8 \u00e0 17 ans de d\u00e9couvrir le scoutisme.<br \/>\nDe 2004 \u00e0 2018, plus de deux cent cinquante Chr\u00e9tiens, Musulmans, Juifs parfois ont particip\u00e9 \u00e0 la\u00a0\u00a0vie du Groupe : jeux dans le quartier, d\u00e9couverte de la ville, sorties d\u2019une journ\u00e9e, week-ends, camps de printemps, camps d\u2019\u00e9t\u00e9.<\/p>\n<p style=\"font-weight: 400;\">Des Vosges aux sources de la Loire, en passant par les Pyr\u00e9n\u00e9es et la Normandie, les enfants ont ainsi v\u00e9cu des aventures qui les am\u00e8nent \u00e0 ma\u00eetriser la violence qui peut surgir en eux, \u00e0 apprendre \u00e0 vivre ensemble, \u00e0 respecter la nature, \u00e0 respecter les autres jusqu\u2019au niveau religieux : avant les repas, le soir, chacun prie \u00e0 son tour selon sa religion que les autres apprennent \u00e0 respecter. Une journ\u00e9e inter religieuse a toujours lieu dans les camps, un Imam, recommand\u00e9 par le dioc\u00e8se o\u00f9 nous allons camper, pr\u00e9sente l\u2019Islam, sa pratique, la pri\u00e8re, un pr\u00eatre pr\u00e9sente sa foi en J\u00e9sus-Christ, Fils de Dieu ressuscit\u00e9. Dans les camps, multiples sont les occasions de prendre des responsabilit\u00e9s, de se mettre au service du groupe, d\u2019apprendre ainsi \u00e0 vivre la devise des Scouts \u00ab Servir \u00bb. Beaucoup de jeunes ont ainsi pris un bon d\u00e9part dans la vie, et un nouvel esprit se r\u00e9pand peu \u00e0 peu parmi eux.<\/p>\n<p style=\"font-weight: 400;\">Cela se fait \u00e0 travers des activit\u00e9s vari\u00e9es qui r\u00e9pondent aux besoins des enfants selon leur \u00e2ge. Petits ou grands, les activit\u00e9s scoutes comportent quelques constantes :<br \/>\n* La dimension de jeu (8-11 ans) ou d\u2019aventure (11- 14 ans) dans un imaginaire donn\u00e9, qui \u00ab d\u00e9payse \u00bb les jeunes<br \/>\n* La dimension de vie d\u2019\u00e9quipe<br \/>\n* Le lien avec la nature<\/p>\n<\/div>\n<\/div>\n<\/div>\n<\/div>\n<blockquote><p>Voir aussi le <a href=\"https:\/\/photos.google.com\/share\/AF1QipN3Htc3UiA0FrjcQOEt6HiSyZqoGYii8bt-LLqf1A7uRoCrhEOI9tJCs0XceQ4jjw?key=TWU1VGxodkF4NEI5aUtYMGp0azBIZkNzRWF4eGVR\">reportage de France 3 Lorraine et l\u2019article publi\u00e9 dans l\u2019Est R\u00e9publicain en juillet 2017<\/a><\/p><\/blockquote>\n<p>&nbsp;<\/p>\n","protected":false},"excerpt":{"rendered":"<p>Depuis 2004, les Scouts de France, Groupe \u00ab Paris la Confiance \u00bb propose aux enfants de 8 \u00e0 17 ans de d\u00e9couvrir le scoutisme. De 2004 \u00e0 2018, plus de deux cent cinquante Chr\u00e9tiens, Musulmans, Juifs parfois ont particip\u00e9 \u00e0 la\u00a0\u00a0vie du Groupe : jeux dans le quartier, d\u00e9couverte de la ville, sorties d\u2019une journ\u00e9e, [&hellip;]<\/p>\n","protected":false},"author":2,"featured_media":0,"parent":50,"menu_order":0,"comment_status":"closed","ping_status":"closed","template":"","meta":{"footnotes":""},"class_list":["post-46","page","type-page","status-publish","hentry"],"_links":{"self":[{"href":"https:\/\/www.notredamedelaconfiance.fr\/index.php\/wp-json\/wp\/v2\/pages\/46","targetHints":{"allow":["GET"]}}],"collection":[{"href":"https:\/\/www.notredamedelaconfiance.fr\/index.php\/wp-json\/wp\/v2\/pages"}],"about":[{"href":"https:\/\/www.notredamedelaconfiance.fr\/index.php\/wp-json\/wp\/v2\/types\/page"}],"author":[{"embeddable":true,"href":"https:\/\/www.notredamedelaconfiance.fr\/index.php\/wp-json\/wp\/v2\/users\/2"}],"replies":[{"embeddable":true,"href":"https:\/\/www.notredamedelaconfiance.fr\/index.php\/wp-json\/wp\/v2\/comments?post=46"}],"version-history":[{"count":3,"href":"https:\/\/www.notredamedelaconfiance.fr\/index.php\/wp-json\/wp\/v2\/pages\/46\/revisions"}],"predecessor-version":[{"id":93,"href":"https:\/\/www.notredamedelaconfiance.fr\/index.php\/wp-json\/wp\/v2\/pages\/46\/revisions\/93"}],"up":[{"embeddable":true,"href":"https:\/\/www.notredamedelaconfiance.fr\/index.php\/wp-json\/wp\/v2\/pages\/50"}],"wp:attachment":[{"href":"https:\/\/www.notredamedelaconfiance.fr\/index.php\/wp-json\/wp\/v2\/media?parent=46"}],"curies":[{"name":"wp","href":"https:\/\/api.w.org\/{rel}","templated":true}]}}