{"id":56,"date":"2018-07-11T21:18:45","date_gmt":"2018-07-11T19:18:45","guid":{"rendered":"http:\/\/ww2.notredamedelaconfiance.fr\/?page_id=56"},"modified":"2019-03-02T10:42:38","modified_gmt":"2019-03-02T09:42:38","slug":"chapelet","status":"publish","type":"page","link":"https:\/\/www.notredamedelaconfiance.fr\/index.php\/chapelet\/","title":{"rendered":"Chapelet"},"content":{"rendered":"<div class=\"texte\">Tous les jeudis \u00e0 15 h 00, Henriette Boura propose \u00e0 tous de la rejoindre \u00e0 la chapelle pour la pri\u00e8re du chapelet.<\/div>\n<div class=\"texte\">Le quatri\u00e8me jeudi de chaque mois, le chapelet est pri\u00e9 \u00e0 l&rsquo;intention des \u00e2mes du purgatoire , en lien avec le Sanctuaire Notre Dame de Montligeon.<\/div>\n<div class=\"texte\"><br \/>En plus de ce chapelet hebdomadaire, un chapelet mensuel \u00e0 18 h 00 le deuxi\u00e8me mardi du mois.<\/div>\n<div>\u00a0<\/div>\n<div class=\"texte\">N\u2019h\u00e9sitez pas \u00e0 nous contacter si vous d\u00e9sirez plus d\u2019informations. Henriette pourra \u00e9galement vous r\u00e9pondre lors des chapelets hebdomadaires.<\/div>\n\n\n<p><\/p>\n","protected":false},"excerpt":{"rendered":"<p>Tous les jeudis \u00e0 15 h 00, Henriette Boura propose \u00e0 tous de la rejoindre \u00e0 la chapelle pour la pri\u00e8re du chapelet. Le quatri\u00e8me jeudi de chaque mois, le chapelet est pri\u00e9 \u00e0 l&rsquo;intention des \u00e2mes du purgatoire , en lien avec le Sanctuaire Notre Dame de Montligeon. En plus de ce chapelet hebdomadaire, [&hellip;]<\/p>\n","protected":false},"author":2,"featured_media":0,"parent":0,"menu_order":0,"comment_status":"closed","ping_status":"closed","template":"","meta":{"footnotes":""},"class_list":["post-56","page","type-page","status-publish","hentry"],"_links":{"self":[{"href":"https:\/\/www.notredamedelaconfiance.fr\/index.php\/wp-json\/wp\/v2\/pages\/56","targetHints":{"allow":["GET"]}}],"collection":[{"href":"https:\/\/www.notredamedelaconfiance.fr\/index.php\/wp-json\/wp\/v2\/pages"}],"about":[{"href":"https:\/\/www.notredamedelaconfiance.fr\/index.php\/wp-json\/wp\/v2\/types\/page"}],"author":[{"embeddable":true,"href":"https:\/\/www.notredamedelaconfiance.fr\/index.php\/wp-json\/wp\/v2\/users\/2"}],"replies":[{"embeddable":true,"href":"https:\/\/www.notredamedelaconfiance.fr\/index.php\/wp-json\/wp\/v2\/comments?post=56"}],"version-history":[{"count":5,"href":"https:\/\/www.notredamedelaconfiance.fr\/index.php\/wp-json\/wp\/v2\/pages\/56\/revisions"}],"predecessor-version":[{"id":940,"href":"https:\/\/www.notredamedelaconfiance.fr\/index.php\/wp-json\/wp\/v2\/pages\/56\/revisions\/940"}],"wp:attachment":[{"href":"https:\/\/www.notredamedelaconfiance.fr\/index.php\/wp-json\/wp\/v2\/media?parent=56"}],"curies":[{"name":"wp","href":"https:\/\/api.w.org\/{rel}","templated":true}]}}